{"id":309,"date":"2018-03-19T05:21:13","date_gmt":"2018-03-19T05:21:13","guid":{"rendered":"http:\/\/themes.radiantthemes.com\/constructionpress\/?page_id=309"},"modified":"2024-08-25T21:13:56","modified_gmt":"2024-08-25T21:13:56","slug":"company-overview","status":"publish","type":"page","link":"https:\/\/avcilardemircelik.com\/index.php\/company-overview\/","title":{"rendered":"\u00dcr\u00fcnler"},"content":{"rendered":"<div class=\"wpb-content-wrapper\"><p>[vc_section full_width=&#8221;stretch_row&#8221; css=&#8221;.vc_custom_1522135450886{margin-top: 0px !important;margin-bottom: 0px !important;padding-top: 0px !important;padding-bottom: 0px !important;background-color: #ffffff !important;}&#8221;][vc_row full_width=&#8221;stretch_row&#8221; css=&#8221;.vc_custom_1522135489487{margin-top: 0px !important;margin-bottom: 0px !important;padding-top: 110px !important;padding-bottom: 45px !important;}&#8221;][vc_column css=&#8221;.vc_custom_1522135495698{padding-top: 0px !important;padding-bottom: 0px !important;}&#8221;][vc_custom_heading text=&#8221;Kalite Ve Uzmanl\u0131kta 47 Y\u0131l&#8221; font_container=&#8221;tag:h3|font_size:35px|text_align:center|line_height:43px&#8221; use_theme_fonts=&#8221;yes&#8221; css=&#8221;.vc_custom_1724618236199{margin-top: 0px !important;margin-bottom: 25px !important;}&#8221;][vc_custom_heading text=&#8221;\u00dcr\u00fcnlerimizi Kalteden \u00d6d\u00fcn Vermeden Y\u0131llar\u0131n Vermi\u015f Oldu\u011fu Ustal\u0131k Ve Tecr\u00fcbe \u0130le \u00dcretiyoruz&#8221; font_container=&#8221;tag:div|font_size:16px|text_align:center|line_height:25px&#8221; use_theme_fonts=&#8221;yes&#8221; css=&#8221;.vc_custom_1724618304526{margin-top: 0px !important;margin-bottom: 0px !important;}&#8221; el_class=&#8221;font-weight-regular&#8221;][\/vc_column][\/vc_row][vc_row full_width=&#8221;stretch_row&#8221; css=&#8221;.vc_custom_1522135650626{margin-top: 0px !important;margin-bottom: 0px !important;padding-top: 0px !important;padding-bottom: 70px !important;}&#8221;][vc_column width=&#8221;2\/3&#8243; css=&#8221;.vc_custom_1522135658374{margin-top: 0px !important;margin-bottom: 40px !important;padding-top: 0px !important;padding-bottom: 0px !important;}&#8221;][vc_single_image image=&#8221;3310&#8243; img_size=&#8221;full&#8221; alignment=&#8221;center&#8221; css=&#8221;.vc_custom_1724618442751{margin-top: 0px !important;margin-bottom: 35px !important;}&#8221;][vc_row_inner css=&#8221;.vc_custom_1522139132532{margin-top: 0px !important;margin-bottom: 0px !important;padding-top: 0px !important;padding-bottom: 0px !important;}&#8221;][vc_column_inner css=&#8221;.vc_custom_1522139143778{margin-top: 0px !important;margin-bottom: 0px !important;padding-top: 0px !important;padding-bottom: 0px !important;}&#8221;][vc_custom_heading text=&#8221;Bu \u00dcr\u00fcnlerin D\u0131\u015f\u0131nda \u00d6zel ve Ara \u00d6l\u00e7\u00fclerde de \u0130malat Yapmaktay\u0131z&#8221; font_container=&#8221;tag:h1|font_size:22px|text_align:center|line_height:32px&#8221; use_theme_fonts=&#8221;yes&#8221; css=&#8221;.vc_custom_1724618690618{margin-top: 0px !important;margin-bottom: 0px !important;}&#8221; el_class=&#8221;font-weight-medium&#8221;][\/vc_column_inner][\/vc_row_inner][\/vc_column][vc_column width=&#8221;1\/3&#8243; css=&#8221;.vc_custom_1522135668675{margin-top: 0px !important;margin-bottom: 40px !important;padding-top: 0px !important;padding-bottom: 0px !important;}&#8221;][vc_single_image image=&#8221;3279&#8243; img_size=&#8221;full&#8221; alignment=&#8221;center&#8221; css=&#8221;.vc_custom_1724618785100{margin-top: 0px !important;margin-bottom: 35px !important;}&#8221;][\/vc_column][\/vc_row][\/vc_section][vc_row full_width=&#8221;stretch_row_content_no_spaces&#8221; equal_height=&#8221;yes&#8221; css=&#8221;.vc_custom_1522139571710{margin-top: 0px !important;margin-bottom: 0px !important;padding-top: 0px !important;padding-bottom: 0px !important;}&#8221;][vc_column width=&#8221;1\/4&#8243; css=&#8221;.vc_custom_1522139578644{margin-top: 0px !important;margin-bottom: 0px !important;padding-top: 0px !important;padding-right: 0px !important;padding-bottom: 0px !important;padding-left: 0px !important;background-color: #ffffff !important;}&#8221;][vc_single_image image=&#8221;3301&#8243; img_size=&#8221;full&#8221; alignment=&#8221;center&#8221; style=&#8221;vc_box_outline_circle&#8221; border_color=&#8221;orange&#8221; css_animation=&#8221;none&#8221; css=&#8221;.vc_custom_1724619003965{margin-top: 0px !important;margin-bottom: 0px !important;}&#8221; el_class=&#8221;full-width-image&#8221;][\/vc_column][vc_column width=&#8221;1\/4&#8243; css=&#8221;.vc_custom_1522139603813{margin-top: 0px !important;margin-bottom: 0px !important;padding-top: 0px !important;padding-right: 0px !important;padding-bottom: 0px !important;padding-left: 0px !important;background-color: #f7f6f6 !important;}&#8221;][vc_single_image image=&#8221;3274&#8243; img_size=&#8221;full&#8221; alignment=&#8221;center&#8221; style=&#8221;vc_box_outline_circle&#8221; border_color=&#8221;orange&#8221; css=&#8221;.vc_custom_1724619522037{margin-top: 0px !important;margin-bottom: 0px !important;}&#8221; el_class=&#8221;full-width-image&#8221;][\/vc_column][vc_column width=&#8221;1\/4&#8243; css=&#8221;.vc_custom_1522139588275{margin-top: 0px !important;margin-bottom: 0px !important;padding-top: 0px !important;padding-right: 0px !important;padding-bottom: 0px !important;padding-left: 0px !important;background-color: #ffffff !important;}&#8221;][vc_single_image image=&#8221;3276&#8243; img_size=&#8221;full&#8221; alignment=&#8221;center&#8221; style=&#8221;vc_box_outline_circle&#8221; border_color=&#8221;orange&#8221; css=&#8221;.vc_custom_1724619793828{margin-top: 0px !important;margin-bottom: 0px !important;}&#8221; el_class=&#8221;full-width-image&#8221;][\/vc_column][vc_column width=&#8221;1\/4&#8243;][vc_single_image image=&#8221;3265&#8243; img_size=&#8221;full&#8221; alignment=&#8221;center&#8221; style=&#8221;vc_box_outline_circle&#8221; border_color=&#8221;orange&#8221; css=&#8221;.vc_custom_1724619767873{margin-top: 0px !important;margin-bottom: 0px !important;}&#8221; el_class=&#8221;full-width-image&#8221;][\/vc_column][\/vc_row][vc_row full_width=&#8221;stretch_row&#8221; css=&#8221;.vc_custom_1724620038516{margin-top: 50px !important;background-image: url(https:\/\/avcilardemircelik.com\/wp-content\/uploads\/2018\/04\/background-001.png?id=3086) !important;}&#8221;][vc_column][\/vc_column][\/vc_row]<\/p>\n<\/div>","protected":false},"excerpt":{"rendered":"<p>[vc_section full_width=&#8221;stretch_row&#8221; css=&#8221;.vc_custom_1522135450886{margin-top: 0px !important;margin-bottom: 0px !important;padding-top: 0px !important;padding-bottom: 0px !important;background-color: #ffffff !important;}&#8221;][vc_row full_width=&#8221;stretch_row&#8221; css=&#8221;.vc_custom_1522135489487{margin-top: 0px !important;margin-bottom: 0px !important;padding-top: 110px !important;padding-bottom: 45px !important;}&#8221;][vc_column css=&#8221;.vc_custom_1522135495698{padding-top: 0px !important;padding-bottom: 0px !important;}&#8221;][vc_custom_heading text=&#8221;Kalite Ve Uzmanl\u0131kta 47 Y\u0131l&#8221; font_container=&#8221;tag:h3|font_size:35px|text_align:center|line_height:43px&#8221; use_theme_fonts=&#8221;yes&#8221; css=&#8221;.vc_custom_1724618236199{margin-top: 0px !important;margin-bottom: 25px !important;}&#8221;][vc_custom_heading text=&#8221;\u00dcr\u00fcnlerimizi Kalteden \u00d6d\u00fcn Vermeden Y\u0131llar\u0131n Vermi\u015f Oldu\u011fu Ustal\u0131k Ve Tecr\u00fcbe \u0130le \u00dcretiyoruz&#8221; font_container=&#8221;tag:div|font_size:16px|text_align:center|line_height:25px&#8221; use_theme_fonts=&#8221;yes&#8221; css=&#8221;.vc_custom_1724618304526{margin-top: [&hellip;]<\/p>\n","protected":false},"author":1,"featured_media":295,"parent":0,"menu_order":0,"comment_status":"closed","ping_status":"closed","template":"","meta":{"footnotes":""},"class_list":["post-309","page","type-page","status-publish","has-post-thumbnail","hentry"],"aioseo_notices":[],"_links":{"self":[{"href":"https:\/\/avcilardemircelik.com\/index.php\/wp-json\/wp\/v2\/pages\/309","targetHints":{"allow":["GET"]}}],"collection":[{"href":"https:\/\/avcilardemircelik.com\/index.php\/wp-json\/wp\/v2\/pages"}],"about":[{"href":"https:\/\/avcilardemircelik.com\/index.php\/wp-json\/wp\/v2\/types\/page"}],"author":[{"embeddable":true,"href":"https:\/\/avcilardemircelik.com\/index.php\/wp-json\/wp\/v2\/users\/1"}],"replies":[{"embeddable":true,"href":"https:\/\/avcilardemircelik.com\/index.php\/wp-json\/wp\/v2\/comments?post=309"}],"version-history":[{"count":7,"href":"https:\/\/avcilardemircelik.com\/index.php\/wp-json\/wp\/v2\/pages\/309\/revisions"}],"predecessor-version":[{"id":3317,"href":"https:\/\/avcilardemircelik.com\/index.php\/wp-json\/wp\/v2\/pages\/309\/revisions\/3317"}],"wp:featuredmedia":[{"embeddable":true,"href":"https:\/\/avcilardemircelik.com\/index.php\/wp-json\/wp\/v2\/media\/295"}],"wp:attachment":[{"href":"https:\/\/avcilardemircelik.com\/index.php\/wp-json\/wp\/v2\/media?parent=309"}],"curies":[{"name":"wp","href":"https:\/\/api.w.org\/{rel}","templated":true}]}}